{"id":17,"date":"2024-01-23T18:24:41","date_gmt":"2024-01-23T18:24:41","guid":{"rendered":"https:\/\/leonconstructora.cl\/?page_id=17"},"modified":"2024-02-09T14:22:24","modified_gmt":"2024-02-09T14:22:24","slug":"inicio","status":"publish","type":"page","link":"https:\/\/leonconstructora.cl\/","title":{"rendered":"Inicio"},"content":{"rendered":"\t\t<div data-elementor-type=\"wp-post\" data-elementor-id=\"17\" class=\"elementor elementor-17\">\n\t\t\t\t<div class=\"elementor-element elementor-element-6ef9319 animated-slow e-flex e-con-boxed elementor-invisible e-con e-parent\" data-id=\"6ef9319\" data-element_type=\"container\" data-settings=\"{&quot;animation&quot;:&quot;fadeIn&quot;,&quot;content_width&quot;:&quot;boxed&quot;}\" data-core-v316-plus=\"true\">\n\t\t\t\t\t<div class=\"e-con-inner\">\n\t\t\t\t<div class=\"elementor-element elementor-element-9169789 elementor-widget elementor-widget-video\" data-id=\"9169789\" data-element_type=\"widget\" data-settings=\"{&quot;video_type&quot;:&quot;hosted&quot;,&quot;autoplay&quot;:&quot;yes&quot;,&quot;play_on_mobile&quot;:&quot;yes&quot;,&quot;loop&quot;:&quot;yes&quot;,&quot;mute&quot;:&quot;yes&quot;}\" data-widget_type=\"video.default\">\n\t\t\t\t<div class=\"elementor-widget-container\">\n\t\t\t<style>\/*! elementor - v3.19.0 - 07-02-2024 *\/\n.elementor-widget-video .elementor-widget-container{overflow:hidden;transform:translateZ(0)}.elementor-widget-video .elementor-wrapper{aspect-ratio:var(--video-aspect-ratio)}.elementor-widget-video .elementor-wrapper iframe,.elementor-widget-video .elementor-wrapper video{height:100%;width:100%;display:flex;border:none;background-color:#000}@supports not (aspect-ratio:1\/1){.elementor-widget-video .elementor-wrapper{position:relative;overflow:hidden;height:0;padding-bottom:calc(100% \/ var(--video-aspect-ratio))}.elementor-widget-video .elementor-wrapper iframe,.elementor-widget-video .elementor-wrapper video{position:absolute;top:0;right:0;bottom:0;left:0}}.elementor-widget-video .elementor-open-inline .elementor-custom-embed-image-overlay{position:absolute;top:0;right:0;bottom:0;left:0;background-size:cover;background-position:50%}.elementor-widget-video .elementor-custom-embed-image-overlay{cursor:pointer;text-align:center}.elementor-widget-video .elementor-custom-embed-image-overlay:hover .elementor-custom-embed-play i{opacity:1}.elementor-widget-video .elementor-custom-embed-image-overlay img{display:block;width:100%;aspect-ratio:var(--video-aspect-ratio);-o-object-fit:cover;object-fit:cover;-o-object-position:center center;object-position:center center}@supports not (aspect-ratio:1\/1){.elementor-widget-video .elementor-custom-embed-image-overlay{position:relative;overflow:hidden;height:0;padding-bottom:calc(100% \/ var(--video-aspect-ratio))}.elementor-widget-video .elementor-custom-embed-image-overlay img{position:absolute;top:0;right:0;bottom:0;left:0}}.elementor-widget-video .e-hosted-video .elementor-video{-o-object-fit:cover;object-fit:cover}.e-con-inner>.elementor-widget-video,.e-con>.elementor-widget-video{width:var(--container-widget-width);--flex-grow:var(--container-widget-flex-grow)}<\/style>\t\t<div class=\"e-hosted-video elementor-wrapper elementor-open-inline\">\n\t\t\t\t\t<video class=\"elementor-video\" src=\"https:\/\/leonconstructora.cl\/wp-content\/uploads\/2024\/01\/leon-constructor-1.mp4\" autoplay=\"\" loop=\"\" muted=\"muted\" playsinline=\"\" controlsList=\"nodownload\"><\/video>\n\t\t\t\t<\/div>\n\t\t\t\t<\/div>\n\t\t\t\t<\/div>\n\t\t\t\t\t<\/div>\n\t\t\t\t<\/div>\n\t\t<div class=\"elementor-element elementor-element-882b402 animated-slow e-flex e-con-boxed elementor-invisible e-con e-parent\" data-id=\"882b402\" data-element_type=\"container\" data-settings=\"{&quot;animation&quot;:&quot;fadeIn&quot;,&quot;content_width&quot;:&quot;boxed&quot;}\" data-core-v316-plus=\"true\">\n\t\t\t\t\t<div class=\"e-con-inner\">\n\t\t\t\t<div class=\"elementor-element elementor-element-0b8c57c elementor-widget elementor-widget-text-editor\" data-id=\"0b8c57c\" data-element_type=\"widget\" data-widget_type=\"text-editor.default\">\n\t\t\t\t<div class=\"elementor-widget-container\">\n\t\t\t<style>\/*! elementor - v3.19.0 - 07-02-2024 *\/\n.elementor-widget-text-editor.elementor-drop-cap-view-stacked .elementor-drop-cap{background-color:#69727d;color:#fff}.elementor-widget-text-editor.elementor-drop-cap-view-framed .elementor-drop-cap{color:#69727d;border:3px solid;background-color:transparent}.elementor-widget-text-editor:not(.elementor-drop-cap-view-default) .elementor-drop-cap{margin-top:8px}.elementor-widget-text-editor:not(.elementor-drop-cap-view-default) .elementor-drop-cap-letter{width:1em;height:1em}.elementor-widget-text-editor .elementor-drop-cap{float:left;text-align:center;line-height:1;font-size:50px}.elementor-widget-text-editor .elementor-drop-cap-letter{display:inline-block}<\/style>\t\t\t\t<h3><b>Somos una empresa de la regi\u00f3n de Coquimbo enfocada en la realizaci\u00f3n de proyectos tales como Ingenier\u00eda de proyectos, Arquitectura y Construcci\u00f3n.<\/b><\/h3>\t\t\t\t\t\t<\/div>\n\t\t\t\t<\/div>\n\t\t\t\t\t<\/div>\n\t\t\t\t<\/div>\n\t\t<div class=\"elementor-element elementor-element-c9da6e9 animated-slow e-flex e-con-boxed elementor-invisible e-con e-parent\" data-id=\"c9da6e9\" data-element_type=\"container\" data-settings=\"{&quot;animation&quot;:&quot;fadeIn&quot;,&quot;content_width&quot;:&quot;boxed&quot;}\" data-core-v316-plus=\"true\">\n\t\t\t\t\t<div class=\"e-con-inner\">\n\t\t\t\t<div class=\"elementor-element elementor-element-2d862c1 elementor-widget elementor-widget-image\" data-id=\"2d862c1\" data-element_type=\"widget\" data-widget_type=\"image.default\">\n\t\t\t\t<div class=\"elementor-widget-container\">\n\t\t\t<style>\/*! elementor - v3.19.0 - 07-02-2024 *\/\n.elementor-widget-image{text-align:center}.elementor-widget-image a{display:inline-block}.elementor-widget-image a img[src$=\".svg\"]{width:48px}.elementor-widget-image img{vertical-align:middle;display:inline-block}<\/style>\t\t\t\t\t\t\t\t\t\t<img fetchpriority=\"high\" decoding=\"async\" width=\"1024\" height=\"581\" src=\"https:\/\/leonconstructora.cl\/wp-content\/uploads\/2024\/01\/01_imagen_inicio-1-1024x581.png\" class=\"attachment-large size-large wp-image-178\" alt=\"\" srcset=\"https:\/\/leonconstructora.cl\/wp-content\/uploads\/2024\/01\/01_imagen_inicio-1-1024x581.png 1024w, https:\/\/leonconstructora.cl\/wp-content\/uploads\/2024\/01\/01_imagen_inicio-1-300x170.png 300w, https:\/\/leonconstructora.cl\/wp-content\/uploads\/2024\/01\/01_imagen_inicio-1-768x436.png 768w, https:\/\/leonconstructora.cl\/wp-content\/uploads\/2024\/01\/01_imagen_inicio-1.png 1291w\" sizes=\"(max-width: 1024px) 100vw, 1024px\" \/>\t\t\t\t\t\t\t\t\t\t\t\t\t<\/div>\n\t\t\t\t<\/div>\n\t\t\t\t\t<\/div>\n\t\t\t\t<\/div>\n\t\t<div class=\"elementor-element elementor-element-30b1926 e-flex e-con-boxed elementor-invisible e-con e-parent\" data-id=\"30b1926\" data-element_type=\"container\" data-settings=\"{&quot;animation&quot;:&quot;fadeIn&quot;,&quot;content_width&quot;:&quot;boxed&quot;}\" data-core-v316-plus=\"true\">\n\t\t\t\t\t<div class=\"e-con-inner\">\n\t\t\t\t<div class=\"elementor-element elementor-element-b232015 elementor-widget elementor-widget-image\" data-id=\"b232015\" data-element_type=\"widget\" data-widget_type=\"image.default\">\n\t\t\t\t<div class=\"elementor-widget-container\">\n\t\t\t\t\t\t\t\t\t\t\t\t\t<img decoding=\"async\" width=\"1024\" height=\"1016\" src=\"https:\/\/leonconstructora.cl\/wp-content\/uploads\/2024\/01\/02_imagen_web_inicio-1024x1016.png\" class=\"attachment-large size-large wp-image-184\" alt=\"\" srcset=\"https:\/\/leonconstructora.cl\/wp-content\/uploads\/2024\/01\/02_imagen_web_inicio-1024x1016.png 1024w, https:\/\/leonconstructora.cl\/wp-content\/uploads\/2024\/01\/02_imagen_web_inicio-300x298.png 300w, https:\/\/leonconstructora.cl\/wp-content\/uploads\/2024\/01\/02_imagen_web_inicio-150x150.png 150w, https:\/\/leonconstructora.cl\/wp-content\/uploads\/2024\/01\/02_imagen_web_inicio-768x762.png 768w, https:\/\/leonconstructora.cl\/wp-content\/uploads\/2024\/01\/02_imagen_web_inicio.png 1291w\" sizes=\"(max-width: 1024px) 100vw, 1024px\" \/>\t\t\t\t\t\t\t\t\t\t\t\t\t<\/div>\n\t\t\t\t<\/div>\n\t\t\t\t\t<\/div>\n\t\t\t\t<\/div>\n\t\t\t\t<\/div>\n\t\t","protected":false},"excerpt":{"rendered":"<p>https:\/\/leonconstructora.cl\/wp-content\/uploads\/2024\/01\/leon-constructor-1.mp4 Somos una empresa de la regi\u00f3n de Coquimbo enfocada en la realizaci\u00f3n de proyectos tales como Ingenier\u00eda de proyectos, [&hellip;]<\/p>\n","protected":false},"author":1,"featured_media":0,"parent":0,"menu_order":0,"comment_status":"closed","ping_status":"closed","template":"","meta":{"site-sidebar-layout":"no-sidebar","site-content-layout":"","ast-site-content-layout":"full-width-container","site-content-style":"default","site-sidebar-style":"default","ast-global-header-display":"","ast-banner-title-visibility":"","ast-main-header-display":"","ast-hfb-above-header-display":"","ast-hfb-below-header-display":"","ast-hfb-mobile-header-display":"","site-post-title":"disabled","ast-breadcrumbs-content":"","ast-featured-img":"disabled","footer-sml-layout":"","theme-transparent-header-meta":"","adv-header-id-meta":"","stick-header-meta":"","header-above-stick-meta":"","header-main-stick-meta":"","header-below-stick-meta":"","astra-migrate-meta-layouts":"default","ast-page-background-enabled":"default","ast-page-background-meta":{"desktop":{"background-color":"var(--ast-global-color-4)","background-image":"","background-repeat":"repeat","background-position":"center center","background-size":"auto","background-attachment":"scroll","background-type":"","background-media":"","overlay-type":"","overlay-color":"","overlay-gradient":""},"tablet":{"background-color":"","background-image":"","background-repeat":"repeat","background-position":"center center","background-size":"auto","background-attachment":"scroll","background-type":"","background-media":"","overlay-type":"","overlay-color":"","overlay-gradient":""},"mobile":{"background-color":"","background-image":"","background-repeat":"repeat","background-position":"center center","background-size":"auto","background-attachment":"scroll","background-type":"","background-media":"","overlay-type":"","overlay-color":"","overlay-gradient":""}},"ast-content-background-meta":{"desktop":{"background-color":"var(--ast-global-color-5)","background-image":"","background-repeat":"repeat","background-position":"center center","background-size":"auto","background-attachment":"scroll","background-type":"","background-media":"","overlay-type":"","overlay-color":"","overlay-gradient":""},"tablet":{"background-color":"var(--ast-global-color-5)","background-image":"","background-repeat":"repeat","background-position":"center center","background-size":"auto","background-attachment":"scroll","background-type":"","background-media":"","overlay-type":"","overlay-color":"","overlay-gradient":""},"mobile":{"background-color":"var(--ast-global-color-5)","background-image":"","background-repeat":"repeat","background-position":"center center","background-size":"auto","background-attachment":"scroll","background-type":"","background-media":"","overlay-type":"","overlay-color":"","overlay-gradient":""}},"footnotes":""},"class_list":["post-17","page","type-page","status-publish","hentry"],"yoast_head":"<!-- This site is optimized with the Yoast SEO plugin v22.0 - https:\/\/yoast.com\/wordpress\/plugins\/seo\/ -->\n<title>Inicio -<\/title>\n<meta name=\"description\" content=\"Somos una empresa de la regi\u00f3n de Coquimbo enfocada en la realizaci\u00f3n de proyectos tales como Ingenier\u00eda de proyectos, Arquitectura y Construcci\u00f3n.\u200b Nuestro equipo esta formado por profesionales expertos en las distintas funciones de proyectos de ingenier\u00eda, abastecimiento, adquisiciones, construcci\u00f3n y puesta en marcha hasta la entrega de operaciones.\" \/>\n<meta name=\"robots\" content=\"index, follow, max-snippet:-1, max-image-preview:large, max-video-preview:-1\" \/>\n<link rel=\"canonical\" href=\"https:\/\/leonconstructora.cl\/\" \/>\n<meta property=\"og:locale\" content=\"es_ES\" \/>\n<meta property=\"og:type\" content=\"article\" \/>\n<meta property=\"og:title\" content=\"Inicio -\" \/>\n<meta property=\"og:description\" content=\"Somos una empresa de la regi\u00f3n de Coquimbo enfocada en la realizaci\u00f3n de proyectos tales como Ingenier\u00eda de proyectos, Arquitectura y Construcci\u00f3n.\u200b Nuestro equipo esta formado por profesionales expertos en las distintas funciones de proyectos de ingenier\u00eda, abastecimiento, adquisiciones, construcci\u00f3n y puesta en marcha hasta la entrega de operaciones.\" \/>\n<meta property=\"og:url\" content=\"https:\/\/leonconstructora.cl\/\" \/>\n<meta property=\"article:modified_time\" content=\"2024-02-09T14:22:24+00:00\" \/>\n<meta property=\"og:image\" content=\"https:\/\/leonconstructora.cl\/wp-content\/uploads\/2024\/01\/01_imagen_inicio-1-1024x581.png\" \/>\n<meta name=\"twitter:card\" content=\"summary_large_image\" \/>\n<meta name=\"twitter:label1\" content=\"Tiempo de lectura\" \/>\n\t<meta name=\"twitter:data1\" content=\"1 minuto\" \/>\n<script type=\"application\/ld+json\" class=\"yoast-schema-graph\">{\"@context\":\"https:\/\/schema.org\",\"@graph\":[{\"@type\":\"WebPage\",\"@id\":\"https:\/\/leonconstructora.cl\/\",\"url\":\"https:\/\/leonconstructora.cl\/\",\"name\":\"Inicio -\",\"isPartOf\":{\"@id\":\"https:\/\/leonconstructora.cl\/#website\"},\"datePublished\":\"2024-01-23T18:24:41+00:00\",\"dateModified\":\"2024-02-09T14:22:24+00:00\",\"description\":\"Somos una empresa de la regi\u00f3n de Coquimbo enfocada en la realizaci\u00f3n de proyectos tales como Ingenier\u00eda de proyectos, Arquitectura y Construcci\u00f3n.\u200b Nuestro equipo esta formado por profesionales expertos en las distintas funciones de proyectos de ingenier\u00eda, abastecimiento, adquisiciones, construcci\u00f3n y puesta en marcha hasta la entrega de operaciones.\",\"breadcrumb\":{\"@id\":\"https:\/\/leonconstructora.cl\/#breadcrumb\"},\"inLanguage\":\"es\",\"potentialAction\":[{\"@type\":\"ReadAction\",\"target\":[\"https:\/\/leonconstructora.cl\/\"]}]},{\"@type\":\"BreadcrumbList\",\"@id\":\"https:\/\/leonconstructora.cl\/#breadcrumb\",\"itemListElement\":[{\"@type\":\"ListItem\",\"position\":1,\"name\":\"Portada\",\"item\":\"https:\/\/leonconstructora.cl\/\"},{\"@type\":\"ListItem\",\"position\":2,\"name\":\"Inicio\"}]},{\"@type\":\"WebSite\",\"@id\":\"https:\/\/leonconstructora.cl\/#website\",\"url\":\"https:\/\/leonconstructora.cl\/\",\"name\":\"\",\"description\":\"\",\"potentialAction\":[{\"@type\":\"SearchAction\",\"target\":{\"@type\":\"EntryPoint\",\"urlTemplate\":\"https:\/\/leonconstructora.cl\/?s={search_term_string}\"},\"query-input\":\"required name=search_term_string\"}],\"inLanguage\":\"es\"}]}<\/script>\n<!-- \/ Yoast SEO plugin. -->","yoast_head_json":{"title":"Inicio -","description":"Somos una empresa de la regi\u00f3n de Coquimbo enfocada en la realizaci\u00f3n de proyectos tales como Ingenier\u00eda de proyectos, Arquitectura y Construcci\u00f3n.\u200b Nuestro equipo esta formado por profesionales expertos en las distintas funciones de proyectos de ingenier\u00eda, abastecimiento, adquisiciones, construcci\u00f3n y puesta en marcha hasta la entrega de operaciones.","robots":{"index":"index","follow":"follow","max-snippet":"max-snippet:-1","max-image-preview":"max-image-preview:large","max-video-preview":"max-video-preview:-1"},"canonical":"https:\/\/leonconstructora.cl\/","og_locale":"es_ES","og_type":"article","og_title":"Inicio -","og_description":"Somos una empresa de la regi\u00f3n de Coquimbo enfocada en la realizaci\u00f3n de proyectos tales como Ingenier\u00eda de proyectos, Arquitectura y Construcci\u00f3n.\u200b Nuestro equipo esta formado por profesionales expertos en las distintas funciones de proyectos de ingenier\u00eda, abastecimiento, adquisiciones, construcci\u00f3n y puesta en marcha hasta la entrega de operaciones.","og_url":"https:\/\/leonconstructora.cl\/","article_modified_time":"2024-02-09T14:22:24+00:00","og_image":[{"url":"https:\/\/leonconstructora.cl\/wp-content\/uploads\/2024\/01\/01_imagen_inicio-1-1024x581.png"}],"twitter_card":"summary_large_image","twitter_misc":{"Tiempo de lectura":"1 minuto"},"schema":{"@context":"https:\/\/schema.org","@graph":[{"@type":"WebPage","@id":"https:\/\/leonconstructora.cl\/","url":"https:\/\/leonconstructora.cl\/","name":"Inicio -","isPartOf":{"@id":"https:\/\/leonconstructora.cl\/#website"},"datePublished":"2024-01-23T18:24:41+00:00","dateModified":"2024-02-09T14:22:24+00:00","description":"Somos una empresa de la regi\u00f3n de Coquimbo enfocada en la realizaci\u00f3n de proyectos tales como Ingenier\u00eda de proyectos, Arquitectura y Construcci\u00f3n.\u200b Nuestro equipo esta formado por profesionales expertos en las distintas funciones de proyectos de ingenier\u00eda, abastecimiento, adquisiciones, construcci\u00f3n y puesta en marcha hasta la entrega de operaciones.","breadcrumb":{"@id":"https:\/\/leonconstructora.cl\/#breadcrumb"},"inLanguage":"es","potentialAction":[{"@type":"ReadAction","target":["https:\/\/leonconstructora.cl\/"]}]},{"@type":"BreadcrumbList","@id":"https:\/\/leonconstructora.cl\/#breadcrumb","itemListElement":[{"@type":"ListItem","position":1,"name":"Portada","item":"https:\/\/leonconstructora.cl\/"},{"@type":"ListItem","position":2,"name":"Inicio"}]},{"@type":"WebSite","@id":"https:\/\/leonconstructora.cl\/#website","url":"https:\/\/leonconstructora.cl\/","name":"","description":"","potentialAction":[{"@type":"SearchAction","target":{"@type":"EntryPoint","urlTemplate":"https:\/\/leonconstructora.cl\/?s={search_term_string}"},"query-input":"required name=search_term_string"}],"inLanguage":"es"}]}},"_links":{"self":[{"href":"https:\/\/leonconstructora.cl\/index.php\/wp-json\/wp\/v2\/pages\/17","targetHints":{"allow":["GET"]}}],"collection":[{"href":"https:\/\/leonconstructora.cl\/index.php\/wp-json\/wp\/v2\/pages"}],"about":[{"href":"https:\/\/leonconstructora.cl\/index.php\/wp-json\/wp\/v2\/types\/page"}],"author":[{"embeddable":true,"href":"https:\/\/leonconstructora.cl\/index.php\/wp-json\/wp\/v2\/users\/1"}],"replies":[{"embeddable":true,"href":"https:\/\/leonconstructora.cl\/index.php\/wp-json\/wp\/v2\/comments?post=17"}],"version-history":[{"count":121,"href":"https:\/\/leonconstructora.cl\/index.php\/wp-json\/wp\/v2\/pages\/17\/revisions"}],"predecessor-version":[{"id":463,"href":"https:\/\/leonconstructora.cl\/index.php\/wp-json\/wp\/v2\/pages\/17\/revisions\/463"}],"wp:attachment":[{"href":"https:\/\/leonconstructora.cl\/index.php\/wp-json\/wp\/v2\/media?parent=17"}],"curies":[{"name":"wp","href":"https:\/\/api.w.org\/{rel}","templated":true}]}}