{"id":89,"date":"2024-01-23T19:40:02","date_gmt":"2024-01-23T19:40:02","guid":{"rendered":"https:\/\/leonconstructora.cl\/?page_id=89"},"modified":"2024-01-24T14:04:42","modified_gmt":"2024-01-24T14:04:42","slug":"quienes-somos","status":"publish","type":"page","link":"https:\/\/leonconstructora.cl\/index.php\/quienes-somos\/","title":{"rendered":"Quienes Somos"},"content":{"rendered":"\n<p><\/p>\n\n\n\n<p>Con una trayectoria que supera los 10 a\u00f1os construyendo a lo largo de la cuarta region , nos hemos posicionado como una de las empresas constructoras m\u00e1s importantes de la region&nbsp; gracias a nuestra experiencia, cumplimiento, compromiso y calidad en la ejecuci\u00f3n de proyectos.<\/p>\n\n\n\n<p>Brindamos un servicio de excelencia gracias al compromiso de nuestro capital humano, formado por profesionales altamente calificados, y al sello de nuestra empresa, centrada en la mejora continua de todos nuestros procesos y ademas en cumplir con los estandares de seguridad para cada proyecto. De la mano de la tecnolog\u00eda, mantenemos un constante control de calidad y medici\u00f3n de productividad, destacando en el rubro como una constructora vanguardista, capaz de mantener varias obras en construcci\u00f3n de manera simult\u00e1nea, con ejecuci\u00f3n, plazos de entrega y procesos de postventa exitosos.<\/p>\n\n\n\n<p>Nuestra casa central se encuentra en la ciudad de ovalle, aunque nuestros proyectos se encuentran a lo largo de todo el territorio de nuestra region.<\/p>\n\n\n\n<p><strong>Misi\u00f3n<\/strong><\/p>\n\n\n\n<p>Proporcionar soluciones de excelencia en proyectos de ingenier\u00eda, arquitectura y construcci\u00f3n, cumpliendo siempre los plazos pactados, desplegando un servicio integral hacia nuestros clientes , destacando por alcanzar un crecimiento sostenible que permita asegurar la estabilidad laboral y bienestar de nuestros trabajadores, siempre comprometidos con nuestro entorno social y medio ambiental.<\/p>\n\n\n\n<p><strong>Visi\u00f3n<\/strong><\/p>\n\n\n\n<p>Ser un actor principal en la industria de la construcci\u00f3n y gesti\u00f3n inmobiliaria en nuestra region, reconocida por sus valores \u00e9ticos y pasi\u00f3n por alcanzar la m\u00e1s alta calidad en el desarrollo de soluciones habitacionales e industriales y con ello ser un aporte para la comunidad. Ejercer el liderazgo en la creaci\u00f3n de valor para nuestros clientes, contribuyendo al progreso econ\u00f3mico y social de la region de coquimbo.<\/p>\n\n\n\n<p><strong>Compromiso<\/strong><\/p>\n\n\n\n<p>\u00c9tica, transparencia y rigurosidad. Conformaci\u00f3n de equipos calificados y capacitados a todo nivel. Estudios detallados, completos y claros de todas las obras y sus modificaciones. Comunicaci\u00f3n permanente al cliente del estado de avance y proyecci\u00f3n del proyecto, junto con la protecci\u00f3n a nuestros trabajadores y al entorno donde trabajamos.<\/p>\n","protected":false},"excerpt":{"rendered":"<p>Con una trayectoria que supera los 10 a\u00f1os construyendo a lo largo de la cuarta region , nos hemos posicionado [&hellip;]<\/p>\n","protected":false},"author":1,"featured_media":0,"parent":0,"menu_order":0,"comment_status":"closed","ping_status":"closed","template":"","meta":{"site-sidebar-layout":"default","site-content-layout":"","ast-site-content-layout":"","site-content-style":"default","site-sidebar-style":"default","ast-global-header-display":"","ast-banner-title-visibility":"","ast-main-header-display":"","ast-hfb-above-header-display":"","ast-hfb-below-header-display":"","ast-hfb-mobile-header-display":"","site-post-title":"","ast-breadcrumbs-content":"","ast-featured-img":"","footer-sml-layout":"","theme-transparent-header-meta":"","adv-header-id-meta":"","stick-header-meta":"","header-above-stick-meta":"","header-main-stick-meta":"","header-below-stick-meta":"","astra-migrate-meta-layouts":"default","ast-page-background-enabled":"default","ast-page-background-meta":{"desktop":{"background-color":"var(--ast-global-color-4)","background-image":"","background-repeat":"repeat","background-position":"center center","background-size":"auto","background-attachment":"scroll","background-type":"","background-media":"","overlay-type":"","overlay-color":"","overlay-gradient":""},"tablet":{"background-color":"","background-image":"","background-repeat":"repeat","background-position":"center center","background-size":"auto","background-attachment":"scroll","background-type":"","background-media":"","overlay-type":"","overlay-color":"","overlay-gradient":""},"mobile":{"background-color":"","background-image":"","background-repeat":"repeat","background-position":"center center","background-size":"auto","background-attachment":"scroll","background-type":"","background-media":"","overlay-type":"","overlay-color":"","overlay-gradient":""}},"ast-content-background-meta":{"desktop":{"background-color":"var(--ast-global-color-5)","background-image":"","background-repeat":"repeat","background-position":"center center","background-size":"auto","background-attachment":"scroll","background-type":"","background-media":"","overlay-type":"","overlay-color":"","overlay-gradient":""},"tablet":{"background-color":"var(--ast-global-color-5)","background-image":"","background-repeat":"repeat","background-position":"center center","background-size":"auto","background-attachment":"scroll","background-type":"","background-media":"","overlay-type":"","overlay-color":"","overlay-gradient":""},"mobile":{"background-color":"var(--ast-global-color-5)","background-image":"","background-repeat":"repeat","background-position":"center center","background-size":"auto","background-attachment":"scroll","background-type":"","background-media":"","overlay-type":"","overlay-color":"","overlay-gradient":""}},"footnotes":""},"class_list":["post-89","page","type-page","status-publish","hentry"],"yoast_head":"<!-- This site is optimized with the Yoast SEO plugin v22.0 - https:\/\/yoast.com\/wordpress\/plugins\/seo\/ -->\n<title>Quienes Somos -<\/title>\n<meta name=\"robots\" content=\"index, follow, max-snippet:-1, max-image-preview:large, max-video-preview:-1\" \/>\n<link rel=\"canonical\" href=\"https:\/\/leonconstructora.cl\/index.php\/quienes-somos\/\" \/>\n<meta property=\"og:locale\" content=\"es_ES\" \/>\n<meta property=\"og:type\" content=\"article\" \/>\n<meta property=\"og:title\" content=\"Quienes Somos -\" \/>\n<meta property=\"og:description\" content=\"Con una trayectoria que supera los 10 a\u00f1os construyendo a lo largo de la cuarta region , nos hemos posicionado [&hellip;]\" \/>\n<meta property=\"og:url\" content=\"https:\/\/leonconstructora.cl\/index.php\/quienes-somos\/\" \/>\n<meta property=\"article:modified_time\" content=\"2024-01-24T14:04:42+00:00\" \/>\n<meta name=\"twitter:card\" content=\"summary_large_image\" \/>\n<meta name=\"twitter:label1\" content=\"Tiempo de lectura\" \/>\n\t<meta name=\"twitter:data1\" content=\"2 minutos\" \/>\n<script type=\"application\/ld+json\" class=\"yoast-schema-graph\">{\"@context\":\"https:\/\/schema.org\",\"@graph\":[{\"@type\":\"WebPage\",\"@id\":\"https:\/\/leonconstructora.cl\/index.php\/quienes-somos\/\",\"url\":\"https:\/\/leonconstructora.cl\/index.php\/quienes-somos\/\",\"name\":\"Quienes Somos -\",\"isPartOf\":{\"@id\":\"https:\/\/leonconstructora.cl\/#website\"},\"datePublished\":\"2024-01-23T19:40:02+00:00\",\"dateModified\":\"2024-01-24T14:04:42+00:00\",\"breadcrumb\":{\"@id\":\"https:\/\/leonconstructora.cl\/index.php\/quienes-somos\/#breadcrumb\"},\"inLanguage\":\"es\",\"potentialAction\":[{\"@type\":\"ReadAction\",\"target\":[\"https:\/\/leonconstructora.cl\/index.php\/quienes-somos\/\"]}]},{\"@type\":\"BreadcrumbList\",\"@id\":\"https:\/\/leonconstructora.cl\/index.php\/quienes-somos\/#breadcrumb\",\"itemListElement\":[{\"@type\":\"ListItem\",\"position\":1,\"name\":\"Portada\",\"item\":\"https:\/\/leonconstructora.cl\/\"},{\"@type\":\"ListItem\",\"position\":2,\"name\":\"Quienes Somos\"}]},{\"@type\":\"WebSite\",\"@id\":\"https:\/\/leonconstructora.cl\/#website\",\"url\":\"https:\/\/leonconstructora.cl\/\",\"name\":\"\",\"description\":\"\",\"potentialAction\":[{\"@type\":\"SearchAction\",\"target\":{\"@type\":\"EntryPoint\",\"urlTemplate\":\"https:\/\/leonconstructora.cl\/?s={search_term_string}\"},\"query-input\":\"required name=search_term_string\"}],\"inLanguage\":\"es\"}]}<\/script>\n<!-- \/ Yoast SEO plugin. -->","yoast_head_json":{"title":"Quienes Somos -","robots":{"index":"index","follow":"follow","max-snippet":"max-snippet:-1","max-image-preview":"max-image-preview:large","max-video-preview":"max-video-preview:-1"},"canonical":"https:\/\/leonconstructora.cl\/index.php\/quienes-somos\/","og_locale":"es_ES","og_type":"article","og_title":"Quienes Somos -","og_description":"Con una trayectoria que supera los 10 a\u00f1os construyendo a lo largo de la cuarta region , nos hemos posicionado [&hellip;]","og_url":"https:\/\/leonconstructora.cl\/index.php\/quienes-somos\/","article_modified_time":"2024-01-24T14:04:42+00:00","twitter_card":"summary_large_image","twitter_misc":{"Tiempo de lectura":"2 minutos"},"schema":{"@context":"https:\/\/schema.org","@graph":[{"@type":"WebPage","@id":"https:\/\/leonconstructora.cl\/index.php\/quienes-somos\/","url":"https:\/\/leonconstructora.cl\/index.php\/quienes-somos\/","name":"Quienes Somos -","isPartOf":{"@id":"https:\/\/leonconstructora.cl\/#website"},"datePublished":"2024-01-23T19:40:02+00:00","dateModified":"2024-01-24T14:04:42+00:00","breadcrumb":{"@id":"https:\/\/leonconstructora.cl\/index.php\/quienes-somos\/#breadcrumb"},"inLanguage":"es","potentialAction":[{"@type":"ReadAction","target":["https:\/\/leonconstructora.cl\/index.php\/quienes-somos\/"]}]},{"@type":"BreadcrumbList","@id":"https:\/\/leonconstructora.cl\/index.php\/quienes-somos\/#breadcrumb","itemListElement":[{"@type":"ListItem","position":1,"name":"Portada","item":"https:\/\/leonconstructora.cl\/"},{"@type":"ListItem","position":2,"name":"Quienes Somos"}]},{"@type":"WebSite","@id":"https:\/\/leonconstructora.cl\/#website","url":"https:\/\/leonconstructora.cl\/","name":"","description":"","potentialAction":[{"@type":"SearchAction","target":{"@type":"EntryPoint","urlTemplate":"https:\/\/leonconstructora.cl\/?s={search_term_string}"},"query-input":"required name=search_term_string"}],"inLanguage":"es"}]}},"_links":{"self":[{"href":"https:\/\/leonconstructora.cl\/index.php\/wp-json\/wp\/v2\/pages\/89","targetHints":{"allow":["GET"]}}],"collection":[{"href":"https:\/\/leonconstructora.cl\/index.php\/wp-json\/wp\/v2\/pages"}],"about":[{"href":"https:\/\/leonconstructora.cl\/index.php\/wp-json\/wp\/v2\/types\/page"}],"author":[{"embeddable":true,"href":"https:\/\/leonconstructora.cl\/index.php\/wp-json\/wp\/v2\/users\/1"}],"replies":[{"embeddable":true,"href":"https:\/\/leonconstructora.cl\/index.php\/wp-json\/wp\/v2\/comments?post=89"}],"version-history":[{"count":2,"href":"https:\/\/leonconstructora.cl\/index.php\/wp-json\/wp\/v2\/pages\/89\/revisions"}],"predecessor-version":[{"id":283,"href":"https:\/\/leonconstructora.cl\/index.php\/wp-json\/wp\/v2\/pages\/89\/revisions\/283"}],"wp:attachment":[{"href":"https:\/\/leonconstructora.cl\/index.php\/wp-json\/wp\/v2\/media?parent=89"}],"curies":[{"name":"wp","href":"https:\/\/api.w.org\/{rel}","templated":true}]}}